{"id":2762,"date":"2024-06-18T15:53:31","date_gmt":"2024-06-18T13:53:31","guid":{"rendered":"http:\/\/gigaline.cz\/about-us\/"},"modified":"2026-03-25T12:38:43","modified_gmt":"2026-03-25T11:38:43","slug":"about-us","status":"publish","type":"page","link":"https:\/\/gigaline.cz\/en\/about-us\/","title":{"rendered":"About us"},"content":{"rendered":"<div class=\"fusion-fullwidth fullwidth-box fusion-builder-row-1 fusion-flex-container has-pattern-background has-mask-background nonhundred-percent-fullwidth non-hundred-percent-height-scrolling\" style=\"--awb-border-radius-top-left:0px;--awb-border-radius-top-right:0px;--awb-border-radius-bottom-right:0px;--awb-border-radius-bottom-left:0px;--awb-flex-wrap:wrap;\" ><div class=\"fusion-builder-row fusion-row fusion-flex-align-items-flex-start fusion-flex-justify-content-space-between fusion-flex-content-wrap\" style=\"max-width:calc( 1120px + 28px );margin-left: calc(-28px \/ 2 );margin-right: calc(-28px \/ 2 );\"><div class=\"fusion-layout-column fusion_builder_column fusion-builder-column-0 fusion_builder_column_1_2 1_2 fusion-flex-column\" style=\"--awb-bg-blend:overlay;--awb-bg-size:cover;--awb-width-large:50%;--awb-margin-top-large:0px;--awb-spacing-right-large:10px;--awb-margin-bottom-large:0px;--awb-spacing-left-large:14px;--awb-width-medium:50%;--awb-order-medium:0;--awb-spacing-right-medium:10px;--awb-margin-bottom-medium:16px;--awb-spacing-left-medium:14px;--awb-width-small:100%;--awb-order-small:0;--awb-spacing-right-small:14px;--awb-spacing-left-small:14px;\" data-scroll-devices=\"small-visibility,medium-visibility,large-visibility\"><div class=\"fusion-column-wrapper fusion-column-has-shadow fusion-flex-justify-content-flex-start fusion-content-layout-column\"><div class=\"fusion-text fusion-text-1\"><p>The company\u2019s history began in 1993 with the founding of G TREND. In 1994, the company GIGA joined as a&nbsp;partner, and one of the original founders, later the owner, Ing. Miroslav Rosenbaum, became managing director. The company established itself in the field of metal fabrication and the implementation of bank counters and exhibition stands using an aluminum profile construction system. Production ranged from single-piece to serial manufacturing; an example of the latter was the supply of all interior accessories for \u0160koda car showrooms. By 1995, the company changed its name to GIGA Line, and its products, through \u0160koda Auto a.s., gradually expanded throughout Europe and overseas. In the banking sector, dozens of branches were completed within just a&nbsp;few years (30 branches of Raiffeisenbank, as well as branches of IPB, Sberbank Rossii, and others). Outside the banking sector, the company carried out office interiors for major corporations, including global ones, as well as hotel, restaurant, caf\u00e9, and residential interior projects.<\/p>\n<\/div><\/div><\/div><div class=\"fusion-layout-column fusion_builder_column fusion-builder-column-1 fusion_builder_column_1_2 1_2 fusion-flex-column fusion-flex-align-self-stretch\" style=\"--awb-bg-blend:overlay;--awb-bg-size:cover;--awb-width-large:50%;--awb-margin-top-large:0px;--awb-spacing-right-large:14px;--awb-margin-bottom-large:0px;--awb-spacing-left-large:10px;--awb-width-medium:50%;--awb-order-medium:0;--awb-spacing-right-medium:14px;--awb-spacing-left-medium:10px;--awb-width-small:100%;--awb-order-small:0;--awb-spacing-right-small:14px;--awb-spacing-left-small:14px;\" data-scroll-devices=\"small-visibility,medium-visibility,large-visibility\"><div class=\"fusion-column-wrapper fusion-column-has-shadow fusion-flex-justify-content-flex-start fusion-content-layout-column\"><div class=\"fusion-image-element \" style=\"--awb-aspect-ratio:3 \/ 2;--awb-caption-title-font-family:var(--h2_typography-font-family);--awb-caption-title-font-weight:var(--h2_typography-font-weight);--awb-caption-title-font-style:var(--h2_typography-font-style);--awb-caption-title-size:var(--h2_typography-font-size);--awb-caption-title-transform:var(--h2_typography-text-transform);--awb-caption-title-line-height:var(--h2_typography-line-height);--awb-caption-title-letter-spacing:var(--h2_typography-letter-spacing);\"><span class=\" fusion-imageframe imageframe-none imageframe-1 hover-type-none has-aspect-ratio\"><img decoding=\"async\" width=\"1099\" height=\"737\" alt=\"Ing. Miroslav Rosenbaum\" title=\"Ing. Miroslav Rosenbaum\" src=\"https:\/\/gigaline.cz\/wp-content\/uploads\/2025\/06\/Ing.-Miroslav-Rosenbaum.jpg\" data-orig-src=\"https:\/\/gigaline.cz\/wp-content\/uploads\/2025\/06\/Ing.-Miroslav-Rosenbaum.jpg\" class=\"lazyload img-responsive wp-image-2756 img-with-aspect-ratio\" srcset=\"data:image\/svg+xml,%3Csvg%20xmlns%3D%27http%3A%2F%2Fwww.w3.org%2F2000%2Fsvg%27%20width%3D%271099%27%20height%3D%27737%27%20viewBox%3D%270%200%201099%20737%27%3E%3Crect%20width%3D%271099%27%20height%3D%27737%27%20fill-opacity%3D%220%22%2F%3E%3C%2Fsvg%3E\" data-srcset=\"https:\/\/gigaline.cz\/wp-content\/uploads\/2025\/06\/Ing.-Miroslav-Rosenbaum-200x134.jpg 200w, https:\/\/gigaline.cz\/wp-content\/uploads\/2025\/06\/Ing.-Miroslav-Rosenbaum-400x268.jpg 400w, https:\/\/gigaline.cz\/wp-content\/uploads\/2025\/06\/Ing.-Miroslav-Rosenbaum-600x402.jpg 600w, https:\/\/gigaline.cz\/wp-content\/uploads\/2025\/06\/Ing.-Miroslav-Rosenbaum-800x536.jpg 800w, https:\/\/gigaline.cz\/wp-content\/uploads\/2025\/06\/Ing.-Miroslav-Rosenbaum.jpg 1099w\" data-sizes=\"auto\" data-orig-sizes=\"(max-width: 749px) 100vw, 600px\" \/><\/span><\/div><div class=\"fusion-text fusion-text-2\" style=\"--awb-margin-top:4px;\"><p>Company\u00b4s founder <span class=\"text_nowrap\">Ing. Miroslav Rosenbaum<\/span><\/p>\n<\/div><\/div><\/div><div class=\"fusion-layout-column fusion_builder_column fusion-builder-column-2 fusion_builder_column_1_1 1_1 fusion-flex-column fusion-flex-align-self-stretch\" style=\"--awb-bg-blend:overlay;--awb-bg-size:cover;--awb-width-large:100%;--awb-margin-top-large:61px;--awb-spacing-right-large:14px;--awb-margin-bottom-large:0px;--awb-spacing-left-large:14px;--awb-width-medium:100%;--awb-order-medium:0;--awb-spacing-right-medium:14px;--awb-spacing-left-medium:14px;--awb-width-small:100%;--awb-order-small:0;--awb-spacing-right-small:14px;--awb-spacing-left-small:14px;\" data-scroll-devices=\"small-visibility,medium-visibility,large-visibility\"><div class=\"fusion-column-wrapper fusion-column-has-shadow fusion-flex-justify-content-flex-start fusion-content-layout-column\"><div class=\"awb-gallery-wrapper awb-gallery-wrapper-1 button-span-no\" style=\"--more-btn-alignment:center;margin-bottom:0px;\"><div style=\"margin:-10px;--awb-bordersize:0px;--awb-caption-title-color:var(--awb-color6);--awb-caption-title-size:13px;\" class=\"fusion-gallery fusion-gallery-container fusion-grid-4 fusion-columns-total-4 fusion-gallery-layout-grid fusion-gallery-1\"><div style=\"padding:10px;\" class=\"fusion-grid-column fusion-gallery-column fusion-gallery-column-4 hover-type-none\"><div class=\"fusion-gallery-image\"><img decoding=\"async\" src=\"https:\/\/gigaline.cz\/wp-content\/uploads\/2024\/08\/Historicke-snimky-budovy-v-niz-dnes-sidli-GIGA-Line-s.r.o.-4-320x202.jpg\" width=\"320\" height=\"202\" alt=\"\" title=\"Historick\u00e9 sn\u00edmky budovy, v&nbsp;n\u00ed\u017e dnes s\u00eddl\u00ed GIGA &#8211; Line s.r.o. 4\" aria-label=\"Historick\u00e9 sn\u00edmky budovy, v&nbsp;n\u00ed\u017e dnes s\u00eddl\u00ed GIGA &#8211; Line s.r.o. 4\" class=\"img-responsive wp-image-898 fusion-gallery-image-size-fixed\" srcset=\"https:\/\/gigaline.cz\/wp-content\/uploads\/2024\/08\/Historicke-snimky-budovy-v-niz-dnes-sidli-GIGA-Line-s.r.o.-4-320x202.jpg 320w, https:\/\/gigaline.cz\/wp-content\/uploads\/2024\/08\/Historicke-snimky-budovy-v-niz-dnes-sidli-GIGA-Line-s.r.o.-4-700x441.jpg 700w\" sizes=\"(max-width: 320px) 100vw, 320px\" \/><\/div><\/div><div style=\"padding:10px;\" class=\"fusion-grid-column fusion-gallery-column fusion-gallery-column-4 hover-type-none\"><div class=\"fusion-gallery-image\"><img decoding=\"async\" src=\"https:\/\/gigaline.cz\/wp-content\/uploads\/2024\/08\/Historicke-snimky-budovy-v-niz-dnes-sidli-GIGA-Line-s.r.o.-2-320x202.jpg\" width=\"320\" height=\"202\" alt=\"\" title=\"Historick\u00e9 sn\u00edmky budovy, v&nbsp;n\u00ed\u017e dnes s\u00eddl\u00ed GIGA &#8211; Line s.r.o. 2\" aria-label=\"Historick\u00e9 sn\u00edmky budovy, v&nbsp;n\u00ed\u017e dnes s\u00eddl\u00ed GIGA &#8211; Line s.r.o. 2\" class=\"img-responsive wp-image-896 fusion-gallery-image-size-fixed\" srcset=\"https:\/\/gigaline.cz\/wp-content\/uploads\/2024\/08\/Historicke-snimky-budovy-v-niz-dnes-sidli-GIGA-Line-s.r.o.-2-320x202.jpg 320w, https:\/\/gigaline.cz\/wp-content\/uploads\/2024\/08\/Historicke-snimky-budovy-v-niz-dnes-sidli-GIGA-Line-s.r.o.-2-700x441.jpg 700w\" sizes=\"(max-width: 320px) 100vw, 320px\" \/><\/div><\/div><div style=\"padding:10px;\" class=\"fusion-grid-column fusion-gallery-column fusion-gallery-column-4 hover-type-none\"><div class=\"fusion-gallery-image\"><img decoding=\"async\" src=\"https:\/\/gigaline.cz\/wp-content\/uploads\/2024\/08\/Historicke-snimky-budovy-v-niz-dnes-sidli-GIGA-Line-s.r.o.-3-320x202.jpg\" width=\"320\" height=\"202\" alt=\"\" title=\"Historick\u00e9 sn\u00edmky budovy, v&nbsp;n\u00ed\u017e dnes s\u00eddl\u00ed GIGA &#8211; Line s.r.o. 3\" aria-label=\"Historick\u00e9 sn\u00edmky budovy, v&nbsp;n\u00ed\u017e dnes s\u00eddl\u00ed GIGA &#8211; Line s.r.o. 3\" class=\"img-responsive wp-image-897 fusion-gallery-image-size-fixed\" srcset=\"https:\/\/gigaline.cz\/wp-content\/uploads\/2024\/08\/Historicke-snimky-budovy-v-niz-dnes-sidli-GIGA-Line-s.r.o.-3-320x202.jpg 320w, https:\/\/gigaline.cz\/wp-content\/uploads\/2024\/08\/Historicke-snimky-budovy-v-niz-dnes-sidli-GIGA-Line-s.r.o.-3-700x441.jpg 700w\" sizes=\"(max-width: 320px) 100vw, 320px\" \/><\/div><\/div><div style=\"padding:10px;\" class=\"fusion-grid-column fusion-gallery-column fusion-gallery-column-4 hover-type-none\"><div class=\"fusion-gallery-image\"><img decoding=\"async\" src=\"https:\/\/gigaline.cz\/wp-content\/uploads\/2024\/08\/Historicke-snimky-budovy-v-niz-dnes-sidli-GIGA-Line-s.r.o.-1-320x202.jpg\" width=\"320\" height=\"202\" alt=\"\" title=\"Historick\u00e9 sn\u00edmky budovy, v&nbsp;n\u00ed\u017e dnes s\u00eddl\u00ed GIGA &#8211; Line s.r.o. 1\" aria-label=\"Historick\u00e9 sn\u00edmky budovy, v&nbsp;n\u00ed\u017e dnes s\u00eddl\u00ed GIGA &#8211; Line s.r.o. 1\" class=\"img-responsive wp-image-899 fusion-gallery-image-size-fixed\" srcset=\"https:\/\/gigaline.cz\/wp-content\/uploads\/2024\/08\/Historicke-snimky-budovy-v-niz-dnes-sidli-GIGA-Line-s.r.o.-1-320x202.jpg 320w, https:\/\/gigaline.cz\/wp-content\/uploads\/2024\/08\/Historicke-snimky-budovy-v-niz-dnes-sidli-GIGA-Line-s.r.o.-1-700x441.jpg 700w\" sizes=\"(max-width: 320px) 100vw, 320px\" \/><\/div><\/div><div class=\"clearfix\"><\/div><\/div><\/div><div class=\"fusion-text fusion-text-3\" style=\"--awb-margin-top:4px;\"><p>Historical photos of the building that now houses GIGA Line<\/p>\n<\/div><\/div><\/div><div class=\"fusion-layout-column fusion_builder_column fusion-builder-column-3 fusion_builder_column_1_1 1_1 fusion-flex-column\" style=\"--awb-bg-size:cover;--awb-width-large:100%;--awb-margin-top-large:61px;--awb-spacing-right-large:14px;--awb-margin-bottom-large:0px;--awb-spacing-left-large:14px;--awb-width-medium:100%;--awb-order-medium:0;--awb-spacing-right-medium:14px;--awb-spacing-left-medium:14px;--awb-width-small:100%;--awb-order-small:0;--awb-spacing-right-small:14px;--awb-spacing-left-small:14px;\" data-scroll-devices=\"small-visibility,medium-visibility,large-visibility\"><div class=\"fusion-column-wrapper fusion-column-has-shadow fusion-flex-justify-content-flex-start fusion-content-layout-column\"><div class=\"fusion-text fusion-text-4\"><p>With 31 years of experience in interior design, we have completed a&nbsp;vast number of projects and developed thoroughly refined know-how. The foundation of our success is a&nbsp;well-coordinated team of professionals from various disciplines that complement one another. Architects and designers play an essential role in our projects. Our portfolio includes numerous architecturally and socially significant projects designed by top architects and world-renowned designers\u2014professionals who guarantee distinctive and exceptional solutions. An architect or designer with experience, good ideas, and the courage to innovate is crucial for us and for each of our projects. Without a&nbsp;good idea or the courage to experiment with space, materials, and colors, even the best efforts of the implementation team will fall short.<\/p>\n<\/div><\/div><\/div><\/div><\/div>\n","protected":false},"excerpt":{"rendered":"","protected":false},"author":1,"featured_media":0,"parent":0,"menu_order":0,"comment_status":"closed","ping_status":"closed","template":"100-width.php","meta":{"_acf_changed":false,"footnotes":""},"class_list":["post-2762","page","type-page","status-publish","hentry"],"acf":[],"yoast_head":"<!-- This site is optimized with the Yoast SEO plugin v27.4 - https:\/\/yoast.com\/product\/yoast-seo-wordpress\/ -->\n<title>About us - GIGA-Line s.r.o.<\/title>\n<meta name=\"robots\" content=\"index, follow, max-snippet:-1, max-image-preview:large, max-video-preview:-1\" \/>\n<link rel=\"canonical\" href=\"https:\/\/gigaline.cz\/en\/about-us\/\" \/>\n<meta property=\"og:locale\" content=\"en_US\" \/>\n<meta property=\"og:type\" content=\"article\" \/>\n<meta property=\"og:title\" content=\"About us - GIGA-Line s.r.o.\" \/>\n<meta property=\"og:url\" content=\"https:\/\/gigaline.cz\/en\/about-us\/\" \/>\n<meta property=\"og:site_name\" content=\"GIGA-Line s.r.o.\" \/>\n<meta property=\"article:modified_time\" content=\"2026-03-25T11:38:43+00:00\" \/>\n<meta property=\"og:image\" content=\"https:\/\/gigaline.cz\/wp-content\/uploads\/2025\/09\/fb.jpg\" \/>\n\t<meta property=\"og:image:width\" content=\"1200\" \/>\n\t<meta property=\"og:image:height\" content=\"675\" \/>\n\t<meta property=\"og:image:type\" content=\"image\/jpeg\" \/>\n<meta name=\"twitter:card\" content=\"summary_large_image\" \/>\n<meta name=\"twitter:label1\" content=\"Est. reading time\" \/>\n\t<meta name=\"twitter:data1\" content=\"3 minutes\" \/>\n<script type=\"application\/ld+json\" class=\"yoast-schema-graph\">{\"@context\":\"https:\\\/\\\/schema.org\",\"@graph\":[{\"@type\":\"WebPage\",\"@id\":\"https:\\\/\\\/gigaline.cz\\\/en\\\/about-us\\\/\",\"url\":\"https:\\\/\\\/gigaline.cz\\\/en\\\/about-us\\\/\",\"name\":\"About us - GIGA-Line s.r.o.\",\"isPartOf\":{\"@id\":\"https:\\\/\\\/gigaline.cz\\\/#website\"},\"datePublished\":\"2024-06-18T13:53:31+00:00\",\"dateModified\":\"2026-03-25T11:38:43+00:00\",\"breadcrumb\":{\"@id\":\"https:\\\/\\\/gigaline.cz\\\/en\\\/about-us\\\/#breadcrumb\"},\"inLanguage\":\"en-US\",\"potentialAction\":[{\"@type\":\"ReadAction\",\"target\":[\"https:\\\/\\\/gigaline.cz\\\/en\\\/about-us\\\/\"]}]},{\"@type\":\"BreadcrumbList\",\"@id\":\"https:\\\/\\\/gigaline.cz\\\/en\\\/about-us\\\/#breadcrumb\",\"itemListElement\":[{\"@type\":\"ListItem\",\"position\":1,\"name\":\"Dom\u016f\",\"item\":\"https:\\\/\\\/gigaline.cz\\\/en\\\/\"},{\"@type\":\"ListItem\",\"position\":2,\"name\":\"About us\"}]},{\"@type\":\"WebSite\",\"@id\":\"https:\\\/\\\/gigaline.cz\\\/#website\",\"url\":\"https:\\\/\\\/gigaline.cz\\\/\",\"name\":\"GIGA-Line s.r.o.\",\"description\":\"Komplexn\u00ed realizace atypick\u00fdch interi\u00e9r\u016f\",\"publisher\":{\"@id\":\"https:\\\/\\\/gigaline.cz\\\/#organization\"},\"potentialAction\":[{\"@type\":\"SearchAction\",\"target\":{\"@type\":\"EntryPoint\",\"urlTemplate\":\"https:\\\/\\\/gigaline.cz\\\/?s={search_term_string}\"},\"query-input\":{\"@type\":\"PropertyValueSpecification\",\"valueRequired\":true,\"valueName\":\"search_term_string\"}}],\"inLanguage\":\"en-US\"},{\"@type\":\"Organization\",\"@id\":\"https:\\\/\\\/gigaline.cz\\\/#organization\",\"name\":\"GIGA-Line s.r.o.\",\"url\":\"https:\\\/\\\/gigaline.cz\\\/\",\"logo\":{\"@type\":\"ImageObject\",\"inLanguage\":\"en-US\",\"@id\":\"https:\\\/\\\/gigaline.cz\\\/#\\\/schema\\\/logo\\\/image\\\/\",\"url\":\"https:\\\/\\\/gigaline.cz\\\/wp-content\\\/uploads\\\/2024\\\/06\\\/GIGALINE-logo-barevne.png\",\"contentUrl\":\"https:\\\/\\\/gigaline.cz\\\/wp-content\\\/uploads\\\/2024\\\/06\\\/GIGALINE-logo-barevne.png\",\"width\":240,\"height\":110,\"caption\":\"GIGA-Line s.r.o.\"},\"image\":{\"@id\":\"https:\\\/\\\/gigaline.cz\\\/#\\\/schema\\\/logo\\\/image\\\/\"}}]}<\/script>\n<!-- \/ Yoast SEO plugin. -->","yoast_head_json":{"title":"About us - GIGA-Line s.r.o.","robots":{"index":"index","follow":"follow","max-snippet":"max-snippet:-1","max-image-preview":"max-image-preview:large","max-video-preview":"max-video-preview:-1"},"canonical":"https:\/\/gigaline.cz\/en\/about-us\/","og_locale":"en_US","og_type":"article","og_title":"About us - GIGA-Line s.r.o.","og_url":"https:\/\/gigaline.cz\/en\/about-us\/","og_site_name":"GIGA-Line s.r.o.","article_modified_time":"2026-03-25T11:38:43+00:00","og_image":[{"width":1200,"height":675,"url":"https:\/\/gigaline.cz\/wp-content\/uploads\/2025\/09\/fb.jpg","type":"image\/jpeg"}],"twitter_card":"summary_large_image","twitter_misc":{"Est. reading time":"3 minutes"},"schema":{"@context":"https:\/\/schema.org","@graph":[{"@type":"WebPage","@id":"https:\/\/gigaline.cz\/en\/about-us\/","url":"https:\/\/gigaline.cz\/en\/about-us\/","name":"About us - GIGA-Line s.r.o.","isPartOf":{"@id":"https:\/\/gigaline.cz\/#website"},"datePublished":"2024-06-18T13:53:31+00:00","dateModified":"2026-03-25T11:38:43+00:00","breadcrumb":{"@id":"https:\/\/gigaline.cz\/en\/about-us\/#breadcrumb"},"inLanguage":"en-US","potentialAction":[{"@type":"ReadAction","target":["https:\/\/gigaline.cz\/en\/about-us\/"]}]},{"@type":"BreadcrumbList","@id":"https:\/\/gigaline.cz\/en\/about-us\/#breadcrumb","itemListElement":[{"@type":"ListItem","position":1,"name":"Dom\u016f","item":"https:\/\/gigaline.cz\/en\/"},{"@type":"ListItem","position":2,"name":"About us"}]},{"@type":"WebSite","@id":"https:\/\/gigaline.cz\/#website","url":"https:\/\/gigaline.cz\/","name":"GIGA-Line s.r.o.","description":"Komplexn\u00ed realizace atypick\u00fdch interi\u00e9r\u016f","publisher":{"@id":"https:\/\/gigaline.cz\/#organization"},"potentialAction":[{"@type":"SearchAction","target":{"@type":"EntryPoint","urlTemplate":"https:\/\/gigaline.cz\/?s={search_term_string}"},"query-input":{"@type":"PropertyValueSpecification","valueRequired":true,"valueName":"search_term_string"}}],"inLanguage":"en-US"},{"@type":"Organization","@id":"https:\/\/gigaline.cz\/#organization","name":"GIGA-Line s.r.o.","url":"https:\/\/gigaline.cz\/","logo":{"@type":"ImageObject","inLanguage":"en-US","@id":"https:\/\/gigaline.cz\/#\/schema\/logo\/image\/","url":"https:\/\/gigaline.cz\/wp-content\/uploads\/2024\/06\/GIGALINE-logo-barevne.png","contentUrl":"https:\/\/gigaline.cz\/wp-content\/uploads\/2024\/06\/GIGALINE-logo-barevne.png","width":240,"height":110,"caption":"GIGA-Line s.r.o."},"image":{"@id":"https:\/\/gigaline.cz\/#\/schema\/logo\/image\/"}}]}},"_links":{"self":[{"href":"https:\/\/gigaline.cz\/en\/wp-json\/wp\/v2\/pages\/2762","targetHints":{"allow":["GET"]}}],"collection":[{"href":"https:\/\/gigaline.cz\/en\/wp-json\/wp\/v2\/pages"}],"about":[{"href":"https:\/\/gigaline.cz\/en\/wp-json\/wp\/v2\/types\/page"}],"author":[{"embeddable":true,"href":"https:\/\/gigaline.cz\/en\/wp-json\/wp\/v2\/users\/1"}],"replies":[{"embeddable":true,"href":"https:\/\/gigaline.cz\/en\/wp-json\/wp\/v2\/comments?post=2762"}],"version-history":[{"count":3,"href":"https:\/\/gigaline.cz\/en\/wp-json\/wp\/v2\/pages\/2762\/revisions"}],"predecessor-version":[{"id":4082,"href":"https:\/\/gigaline.cz\/en\/wp-json\/wp\/v2\/pages\/2762\/revisions\/4082"}],"wp:attachment":[{"href":"https:\/\/gigaline.cz\/en\/wp-json\/wp\/v2\/media?parent=2762"}],"curies":[{"name":"wp","href":"https:\/\/api.w.org\/{rel}","templated":true}]}}